{"id":21,"date":"2023-12-08T16:06:27","date_gmt":"2023-12-08T19:06:27","guid":{"rendered":"http:\/\/selgus.com.ar\/?page_id=21"},"modified":"2023-12-19T19:40:16","modified_gmt":"2023-12-19T22:40:16","slug":"home","status":"publish","type":"page","link":"https:\/\/selgus.com.ar\/","title":{"rendered":"Home"},"content":{"rendered":"<p>[et_pb_section fb_built=&#8221;1&#8243; _builder_version=&#8221;4.22.2&#8243; _module_preset=&#8221;default&#8221; background_image=&#8221;http:\/\/selgus.com.ar\/wp-content\/uploads\/2023\/12\/gris-scaled.jpg&#8221; global_colors_info=&#8221;{}&#8221;][et_pb_row column_structure=&#8221;1_3,2_3&#8243; _builder_version=&#8221;4.22.2&#8243; _module_preset=&#8221;default&#8221; custom_margin=&#8221;3px|auto||auto||&#8221; global_colors_info=&#8221;{}&#8221;][et_pb_column type=&#8221;1_3&#8243; _builder_version=&#8221;4.22.2&#8243; _module_preset=&#8221;default&#8221; custom_padding=&#8221;|0px|||false|false&#8221; global_colors_info=&#8221;{}&#8221;][et_pb_image src=&#8221;http:\/\/selgus.com.ar\/wp-content\/uploads\/2023\/12\/Mesa-de-trabajo-19.png&#8221; title_text=&#8221;Mesa de trabajo 19&#8243; _builder_version=&#8221;4.22.2&#8243; _module_preset=&#8221;default&#8221; width=&#8221;61%&#8221; width_tablet=&#8221;34%&#8221; width_phone=&#8221;34%&#8221; width_last_edited=&#8221;on|phone&#8221; custom_margin=&#8221;49px||||false|false&#8221; custom_margin_tablet=&#8221;8px||||false|false&#8221; custom_margin_phone=&#8221;8px||||false|false&#8221; custom_margin_last_edited=&#8221;on|tablet&#8221; global_colors_info=&#8221;{}&#8221;][\/et_pb_image][et_pb_text _builder_version=&#8221;4.22.2&#8243; _module_preset=&#8221;default&#8221; text_font_size=&#8221;20px&#8221; text_line_height=&#8221;1.3em&#8221; global_colors_info=&#8221;{}&#8221;]<\/p>\n<p style=\"font-weight: 400;\">Somos una empresa que cuenta con m\u00e1s de 20 a\u00f1os de experiencia en el rubro, ya que nuestros inicios se remontan a la inyecci\u00f3n de pl\u00e1sticos de ingenier\u00eda en piezas con gran valor agregado.<\/p>\n<p>[\/et_pb_text][\/et_pb_column][et_pb_column type=&#8221;2_3&#8243; _builder_version=&#8221;4.22.2&#8243; _module_preset=&#8221;default&#8221; global_colors_info=&#8221;{}&#8221;][et_pb_image src=&#8221;http:\/\/selgus.com.ar\/wp-content\/uploads\/2023\/12\/ondas.webp&#8221; title_text=&#8221;ondas&#8221; _builder_version=&#8221;4.22.2&#8243; _module_preset=&#8221;default&#8221; custom_padding=&#8221;0px|||||&#8221; global_colors_info=&#8221;{}&#8221;][\/et_pb_image][\/et_pb_column][\/et_pb_row][\/et_pb_section][et_pb_section fb_built=&#8221;1&#8243; _builder_version=&#8221;4.22.2&#8243; _module_preset=&#8221;default&#8221; background_color=&#8221;#000000&#8243; background_enable_pattern_style=&#8221;on&#8221; background_pattern_style=&#8221;diagonal-stripes-2&#8243; background_pattern_color=&#8221;#242424&#8243; global_colors_info=&#8221;{}&#8221;][et_pb_row column_structure=&#8221;1_2,1_2&#8243; module_id=&#8221;quienes&#8221; _builder_version=&#8221;4.22.2&#8243; _module_preset=&#8221;default&#8221; custom_margin=&#8221;||||false|false&#8221; global_colors_info=&#8221;{}&#8221;][et_pb_column type=&#8221;1_2&#8243; _builder_version=&#8221;4.22.2&#8243; _module_preset=&#8221;default&#8221; global_colors_info=&#8221;{}&#8221;][et_pb_text _builder_version=&#8221;4.22.2&#8243; _module_preset=&#8221;default&#8221; text_text_color=&#8221;#FFFFFF&#8221; text_font_size=&#8221;16px&#8221; text_line_height=&#8221;1.9em&#8221; global_colors_info=&#8221;{}&#8221;]<\/p>\n<p style=\"font-weight: 400;\">En el 2008, al no poder encontrar proveedores locales que cumplieran nuestras expectativas, tanto de INYECTORAS como de SERVICIO POST VENTA, decidimos emprender la b\u00fasqueda de proveedores externos. Luego de m\u00faltiples viajes a Oriente y Europa, realizando auditor\u00edas a las distintas plantas de producci\u00f3n, desarrollamos una alianza que nos permite comercializar productos con el equilibrio ideal COSTO-BENEFICIO.<\/p>\n<p>[\/et_pb_text][et_pb_text _builder_version=&#8221;4.22.2&#8243; _module_preset=&#8221;default&#8221; text_text_color=&#8221;#FFFFFF&#8221; text_font_size=&#8221;16px&#8221; text_line_height=&#8221;1.9em&#8221; global_colors_info=&#8221;{}&#8221;]<\/p>\n<p style=\"font-weight: 400;\"><strong>Por todo esto, somos capaces de satisfacer las necesidades de cualquier compa\u00f1\u00eda de inyecci\u00f3n de pl\u00e1sticos. \u00a1Sea cual sea su nivel tecnol\u00f3gico, conocemos sus necesidades!<\/strong><\/p>\n<p>[\/et_pb_text][\/et_pb_column][et_pb_column type=&#8221;1_2&#8243; _builder_version=&#8221;4.22.2&#8243; _module_preset=&#8221;default&#8221; global_colors_info=&#8221;{}&#8221;][et_pb_text _builder_version=&#8221;4.22.2&#8243; _module_preset=&#8221;default&#8221; text_text_color=&#8221;#FFFFFF&#8221; text_font_size=&#8221;16px&#8221; text_line_height=&#8221;1.9em&#8221; global_colors_info=&#8221;{}&#8221;]<\/p>\n<ul>\n<li><strong>Electr\u00f3nica made in Taiwan<\/strong><\/li>\n<li><strong>Bomba Hidr\u00e1ulica made in Italia<\/strong><\/li>\n<li><strong>Certificaci\u00f3n CE<\/strong><\/li>\n<li><strong>Sistema Servo Motor<\/strong><\/li>\n<li><strong>Lubricaci\u00f3n Autom\u00e1tica<\/strong><\/li>\n<li><strong>Acumulador de inyecci\u00f3n<\/strong><\/li>\n<li><strong>Resistencias de cer\u00e1mica<\/strong><\/li>\n<li><strong>Sistema de barras de protecci\u00f3n auto-ajustables<\/strong><\/li>\n<li><strong>M\u00faltiples posiciones de inyecci\u00f3n, carga, cierre y apertura<\/strong><\/li>\n<li><strong>Ajuste de molde autom\u00e1tico<\/strong><\/li>\n<\/ul>\n<p>[\/et_pb_text][\/et_pb_column][\/et_pb_row][et_pb_row _builder_version=&#8221;4.22.2&#8243; _module_preset=&#8221;default&#8221; global_colors_info=&#8221;{}&#8221;][et_pb_column type=&#8221;4_4&#8243; _builder_version=&#8221;4.22.2&#8243; _module_preset=&#8221;default&#8221; global_colors_info=&#8221;{}&#8221;][et_pb_button button_url=&#8221;mailto:info@selgus.com.ar&#8221; button_text=&#8221;Solicitar asesoramiento&#8221; button_alignment=&#8221;center&#8221; _builder_version=&#8221;4.22.2&#8243; _module_preset=&#8221;default&#8221; custom_button=&#8221;on&#8221; button_text_color=&#8221;#FFFFFF&#8221; button_bg_color=&#8221;#6B6B6B&#8221; button_border_width=&#8221;0px&#8221; button_border_radius=&#8221;42px&#8221; button_font=&#8221;|700|||||||&#8221; custom_padding=&#8221;|69px||69px|false|false&#8221; custom_padding_tablet=&#8221;|69px||69px|false|false&#8221; custom_padding_phone=&#8221;|69px||69px|false|false&#8221; custom_padding_last_edited=&#8221;on|desktop&#8221; animation_style=&#8221;bounce&#8221; box_shadow_style=&#8221;preset2&#8243; global_colors_info=&#8221;{}&#8221;][\/et_pb_button][\/et_pb_column][\/et_pb_row][\/et_pb_section][et_pb_section fb_built=&#8221;1&#8243; _builder_version=&#8221;4.22.2&#8243; _module_preset=&#8221;default&#8221; use_background_color_gradient=&#8221;on&#8221; background_color_gradient_stops=&#8221;#d6d6d6 1%|#ffffff 100%&#8221; global_colors_info=&#8221;{}&#8221;][et_pb_row column_structure=&#8221;1_3,1_3,1_3&#8243; module_id=&#8221;beneficios&#8221; _builder_version=&#8221;4.22.2&#8243; _module_preset=&#8221;default&#8221; hover_enabled=&#8221;0&#8243; global_colors_info=&#8221;{}&#8221; sticky_enabled=&#8221;0&#8243;][et_pb_column type=&#8221;1_3&#8243; _builder_version=&#8221;4.22.2&#8243; _module_preset=&#8221;default&#8221; hover_enabled=&#8221;0&#8243; global_colors_info=&#8221;{}&#8221; sticky_enabled=&#8221;0&#8243;][et_pb_blurb image=&#8221;http:\/\/selgus.com.ar\/wp-content\/uploads\/2023\/12\/1.png&#8221; _builder_version=&#8221;4.22.2&#8243; _module_preset=&#8221;default&#8221; background_color=&#8221;#FFFFFF&#8221; custom_padding=&#8221;20px|13px|122px|13px|false|false&#8221; hover_enabled=&#8221;0&#8243; global_colors_info=&#8221;{}&#8221; custom_padding_last_edited=&#8221;on|desktop&#8221; sticky_enabled=&#8221;0&#8243; custom_padding_tablet=&#8221;||20px||false|false&#8221; custom_padding_phone=&#8221;||20px||false|false&#8221;]<\/p>\n<p style=\"font-weight: 400;\">El ajuste autom\u00e1tico de molde permite una mayor velocidad de puesta a punto, logrando reducir tiempos muertos que generan p\u00e9rdidas de ganancia.<\/p>\n<p style=\"font-weight: 400;\">Gran escala de espesor de moldes y mayor espacio entre columnas, permitiendo mayor versatilidad en cada modelo.<\/p>\n<p>[\/et_pb_blurb][\/et_pb_column][et_pb_column type=&#8221;1_3&#8243; _builder_version=&#8221;4.22.2&#8243; _module_preset=&#8221;default&#8221; global_colors_info=&#8221;{}&#8221;][et_pb_blurb image=&#8221;http:\/\/selgus.com.ar\/wp-content\/uploads\/2023\/12\/2.png&#8221; _builder_version=&#8221;4.22.2&#8243; _module_preset=&#8221;default&#8221; background_color=&#8221;#FFFFFF&#8221; custom_padding=&#8221;20px|13px|42px|13px|false|false&#8221; hover_enabled=&#8221;0&#8243; global_colors_info=&#8221;{}&#8221; custom_padding_last_edited=&#8221;on|desktop&#8221; sticky_enabled=&#8221;0&#8243; custom_padding_tablet=&#8221;20px|13px|42px|13px|false|false&#8221; custom_padding_phone=&#8221;20px|13px|42px|13px|false|false&#8221;]<\/p>\n<p style=\"font-weight: 400;\">S\u00f3lida estructura e innovaci\u00f3n de dise\u00f1o basado en el estudio de fatiga de materiales. Permite una excelente performance y un menor mantenimiento.<\/p>\n<p style=\"font-weight: 400;\">Todas las partes son producidas en CNC de gran porte y controladas por innovadores sistemas de medici\u00f3n que aseguran la estandarizaci\u00f3n.<\/p>\n<p style=\"font-weight: 400;\"><span style=\"font-weight: 400;\">Sistema doble rodillera y bujes de bronce grafitados que reducen la fricci\u00f3n.<\/span><\/p>\n<p>[\/et_pb_blurb][\/et_pb_column][et_pb_column type=&#8221;1_3&#8243; _builder_version=&#8221;4.22.2&#8243; _module_preset=&#8221;default&#8221; global_colors_info=&#8221;{}&#8221;][et_pb_blurb image=&#8221;http:\/\/selgus.com.ar\/wp-content\/uploads\/2023\/12\/5.png&#8221; _builder_version=&#8221;4.22.2&#8243; _module_preset=&#8221;default&#8221; background_color=&#8221;#FFFFFF&#8221; custom_padding=&#8221;20px|13px|20px|13px|false|false&#8221; global_colors_info=&#8221;{}&#8221;]<\/p>\n<p style=\"font-weight: 400;\">Sistema de lubricaci\u00f3n autom\u00e1tica que permite extender la vida \u00fatil de todas las partes.<\/p>\n<p style=\"font-weight: 400;\">M\u00faltiples opciones y posiciones de expulsi\u00f3n. Con reglas electr\u00f3nicas para un mejor posicionamiento de cierre, apertura y expulsi\u00f3n.<\/p>\n<p style=\"font-weight: 400;\">M\u00faltiples posiciones de cierre y apertura que logran un movimiento suave en los sectores de mayor riesgo y gran velocidad en zonas de bajo riesgo.<\/p>\n<p>[\/et_pb_blurb][\/et_pb_column][\/et_pb_row][et_pb_row column_structure=&#8221;1_3,1_3,1_3&#8243; _builder_version=&#8221;4.22.2&#8243; _module_preset=&#8221;default&#8221; global_colors_info=&#8221;{}&#8221;][et_pb_column type=&#8221;1_3&#8243; _builder_version=&#8221;4.22.2&#8243; _module_preset=&#8221;default&#8221; global_colors_info=&#8221;{}&#8221;][et_pb_blurb image=&#8221;http:\/\/selgus.com.ar\/wp-content\/uploads\/2023\/12\/4.png&#8221; _builder_version=&#8221;4.22.2&#8243; _module_preset=&#8221;default&#8221; background_color=&#8221;#FFFFFF&#8221; custom_padding=&#8221;20px|13px|33px|13px|false|false&#8221; hover_enabled=&#8221;0&#8243; global_colors_info=&#8221;{}&#8221; custom_padding_last_edited=&#8221;on|desktop&#8221; sticky_enabled=&#8221;0&#8243; custom_padding_tablet=&#8221;20px|13px|33px|13px|false|false&#8221; custom_padding_phone=&#8221;20px|13px|33px|13px|false|false&#8221;]<\/p>\n<p style=\"font-weight: 400;\">Uno de los pilares es la electr\u00f3nica que cuenta con programas de control especializados y personalizados para mejorar el rendimiento general de la m\u00e1quina.<\/p>\n<p style=\"font-weight: 400;\">. Mejor ajuste de la protecci\u00f3n de moldes<br \/>. Memoria de 99 piezas distintas<br \/>. Interface para robots<br \/>. Monitoreo en tiempo real de cada proceso<\/p>\n<p>[\/et_pb_blurb][\/et_pb_column][et_pb_column type=&#8221;1_3&#8243; _builder_version=&#8221;4.22.2&#8243; _module_preset=&#8221;default&#8221; global_colors_info=&#8221;{}&#8221;][et_pb_blurb image=&#8221;http:\/\/selgus.com.ar\/wp-content\/uploads\/2023\/12\/3.png&#8221; _builder_version=&#8221;4.22.2&#8243; _module_preset=&#8221;default&#8221; background_color=&#8221;#FFFFFF&#8221; custom_padding=&#8221;20px|13px|103px|13px|false|false&#8221; hover_enabled=&#8221;0&#8243; global_colors_info=&#8221;{}&#8221; custom_padding_last_edited=&#8221;on|desktop&#8221; sticky_enabled=&#8221;0&#8243; custom_padding_tablet=&#8221;20px|13px|103px|13px|false|false&#8221; custom_padding_phone=&#8221;20px|13px|103px|13px|false|false&#8221;]<\/p>\n<p style=\"font-weight: 400;\">La posibilidad de seleccionar entre diferentes modelos de hornos y tornillos seg\u00fan cada necesidad.<\/p>\n<p><span style=\"font-weight: 400;\">Adem\u00e1s de contar con la opci\u00f3n de carro retr\u00e1ctil y con la tapa de seguridad del <\/span><span lang=\"ES\">horno.<\/span><\/p>\n<p>[\/et_pb_blurb][\/et_pb_column][et_pb_column type=&#8221;1_3&#8243; _builder_version=&#8221;4.22.2&#8243; _module_preset=&#8221;default&#8221; global_colors_info=&#8221;{}&#8221;][et_pb_blurb image=&#8221;http:\/\/selgus.com.ar\/wp-content\/uploads\/2023\/12\/6.png&#8221; _builder_version=&#8221;4.22.2&#8243; _module_preset=&#8221;default&#8221; background_color=&#8221;#FFFFFF&#8221; custom_padding=&#8221;20px|13px|20px|13px|false|false&#8221; global_colors_info=&#8221;{}&#8221;]<\/p>\n<p style=\"font-weight: 400;\">Doble cilindro de inyecci\u00f3n<\/p>\n<p style=\"font-weight: 400;\">Sistema anti-frio: no permite realizar el proceso de carga si la temperatura no es la correcta, protegiendo la vida \u00fatil del tornillo y evitando roturas por negligencia.<\/p>\n<p style=\"font-weight: 400;\">Funci\u00f3n de auto-purga. M\u00faltiples posiciones, velocidades y presiones de inyecci\u00f3n para una mayor calidad y terminaci\u00f3n de producto.<\/p>\n<p>[\/et_pb_blurb][\/et_pb_column][\/et_pb_row][et_pb_row _builder_version=&#8221;4.22.2&#8243; _module_preset=&#8221;default&#8221; global_colors_info=&#8221;{}&#8221;][et_pb_column type=&#8221;4_4&#8243; _builder_version=&#8221;4.22.2&#8243; _module_preset=&#8221;default&#8221; global_colors_info=&#8221;{}&#8221;][et_pb_button button_url=&#8221;mailto:info@selgus.com.ar&#8221; button_text=&#8221;Solicitar asesoramiento&#8221; button_alignment=&#8221;center&#8221; _builder_version=&#8221;4.22.2&#8243; _module_preset=&#8221;default&#8221; custom_button=&#8221;on&#8221; button_text_color=&#8221;#FFFFFF&#8221; button_bg_color=&#8221;#6B6B6B&#8221; button_border_width=&#8221;0px&#8221; button_border_radius=&#8221;42px&#8221; button_font=&#8221;|700|||||||&#8221; custom_padding=&#8221;|69px||69px|false|false&#8221; custom_padding_tablet=&#8221;|69px||69px|false|false&#8221; custom_padding_phone=&#8221;|69px||69px|false|false&#8221; custom_padding_last_edited=&#8221;on|desktop&#8221; animation_style=&#8221;bounce&#8221; box_shadow_style=&#8221;preset2&#8243; global_colors_info=&#8221;{}&#8221;][\/et_pb_button][\/et_pb_column][\/et_pb_row][\/et_pb_section][et_pb_section fb_built=&#8221;1&#8243; fullwidth=&#8221;on&#8221; _builder_version=&#8221;4.22.2&#8243; _module_preset=&#8221;default&#8221; global_colors_info=&#8221;{}&#8221;][et_pb_fullwidth_image src=&#8221;http:\/\/selgus.com.ar\/wp-content\/uploads\/2023\/12\/maquina-home3.png&#8221; title_text=&#8221;maquina home3&#8243; module_id=&#8221;equipo&#8221; _builder_version=&#8221;4.22.2&#8243; _module_preset=&#8221;default&#8221; global_colors_info=&#8221;{}&#8221;][\/et_pb_fullwidth_image][\/et_pb_section][et_pb_section fb_built=&#8221;1&#8243; _builder_version=&#8221;4.22.2&#8243; _module_preset=&#8221;default&#8221; custom_padding=&#8221;0px||0px|||&#8221; global_colors_info=&#8221;{}&#8221;][et_pb_row use_custom_gutter=&#8221;on&#8221; gutter_width=&#8221;1&#8243; make_equal=&#8221;on&#8221; _builder_version=&#8221;4.22.2&#8243; _module_preset=&#8221;default&#8221; width=&#8221;100%&#8221; max_width=&#8221;2560px&#8221; custom_padding=&#8221;0px||0px|||&#8221; global_colors_info=&#8221;{}&#8221;][et_pb_column type=&#8221;4_4&#8243; _builder_version=&#8221;4.22.2&#8243; _module_preset=&#8221;default&#8221; global_colors_info=&#8221;{}&#8221;][et_pb_gallery gallery_ids=&#8221;39,29,30,31,32,33,40,34,35,41,36,37,38,43,44,42&#8243; posts_number=&#8221;20&#8243; show_title_and_caption=&#8221;off&#8221; show_pagination=&#8221;off&#8221; _builder_version=&#8221;4.22.2&#8243; _module_preset=&#8221;default&#8221; global_colors_info=&#8221;{}&#8221;][\/et_pb_gallery][\/et_pb_column][\/et_pb_row][\/et_pb_section][et_pb_section fb_built=&#8221;1&#8243; _builder_version=&#8221;4.22.2&#8243; _module_preset=&#8221;default&#8221; global_colors_info=&#8221;{}&#8221;][et_pb_row column_structure=&#8221;1_4,1_4,1_4,1_4&#8243; module_id=&#8221;servo&#8221; _builder_version=&#8221;4.22.2&#8243; _module_preset=&#8221;default&#8221; global_colors_info=&#8221;{}&#8221;][et_pb_column type=&#8221;1_4&#8243; _builder_version=&#8221;4.22.2&#8243; _module_preset=&#8221;default&#8221; global_colors_info=&#8221;{}&#8221;][et_pb_circle_counter title=&#8221;AHORRO DE ENERG\u00cdA&#8221; number=&#8221;80%&#8221; bar_bg_color=&#8221;#E02B20&#8243; circle_color=&#8221;#474747&#8243; _builder_version=&#8221;4.22.2&#8243; _module_preset=&#8221;default&#8221; title_font=&#8221;Antonio|700|||||||&#8221; title_text_color=&#8221;#474747&#8243; title_font_size=&#8221;32px&#8221; number_font=&#8221;Antonio|700|||||||&#8221; number_text_color=&#8221;#C5310D&#8221; number_font_size=&#8221;69px&#8221; global_colors_info=&#8221;{}&#8221;][\/et_pb_circle_counter][\/et_pb_column][et_pb_column type=&#8221;1_4&#8243; _builder_version=&#8221;4.22.2&#8243; _module_preset=&#8221;default&#8221; background_color=&#8221;#FFFFFF&#8221; custom_padding=&#8221;20px|13px|20px|13px|false|false&#8221; border_radii=&#8221;on|30px|30px|30px|30px&#8221; box_shadow_style=&#8221;preset2&#8243; global_colors_info=&#8221;{}&#8221;][et_pb_icon font_icon=&#8221;&#xf76b;||fa||900&#8243; icon_color=&#8221;#C5310D&#8221; icon_width=&#8221;41px&#8221; _builder_version=&#8221;4.22.2&#8243; _module_preset=&#8221;default&#8221; global_colors_info=&#8221;{}&#8221;][\/et_pb_icon][et_pb_text _builder_version=&#8221;4.22.2&#8243; _module_preset=&#8221;default&#8221; text_font=&#8221;Antonio||||||||&#8221; text_font_size=&#8221;22px&#8221; header_font=&#8221;Antonio|700|||||||&#8221; header_text_color=&#8221;#E01F45&#8243; text_orientation=&#8221;center&#8221; global_colors_info=&#8221;{}&#8221;]<\/p>\n<p style=\"font-weight: 400;\"><strong>BAJA TEMPERATURA ACEITE<\/strong><\/p>\n<p>[\/et_pb_text][et_pb_text _builder_version=&#8221;4.22.2&#8243; _module_preset=&#8221;default&#8221; global_colors_info=&#8221;{}&#8221;]<\/p>\n<p style=\"font-weight: 400; text-align: center;\">La temperatura del aceite es muy baja por lo que aumenta su vida \u00fatil y tambi\u00e9n reduce el consumo de energ\u00eda y agua en el sistema de refrigeraci\u00f3n.<\/p>\n<p>[\/et_pb_text][\/et_pb_column][et_pb_column type=&#8221;1_4&#8243; _builder_version=&#8221;4.22.2&#8243; _module_preset=&#8221;default&#8221; background_color=&#8221;#FFFFFF&#8221; custom_padding=&#8221;20px|13px|20px|13px|false|false&#8221; border_radii=&#8221;on|30px|30px|30px|30px&#8221; box_shadow_style=&#8221;preset2&#8243; global_colors_info=&#8221;{}&#8221;][et_pb_icon font_icon=&#8221;&#xf3fd;||fa||900&#8243; icon_color=&#8221;#C5310D&#8221; icon_width=&#8221;41px&#8221; _builder_version=&#8221;4.22.2&#8243; _module_preset=&#8221;default&#8221; global_colors_info=&#8221;{}&#8221;][\/et_pb_icon][et_pb_text _builder_version=&#8221;4.22.2&#8243; _module_preset=&#8221;default&#8221; text_font=&#8221;Antonio||||||||&#8221; text_font_size=&#8221;22px&#8221; header_font=&#8221;Antonio|700|||||||&#8221; header_text_color=&#8221;#E01F45&#8243; text_orientation=&#8221;center&#8221; global_colors_info=&#8221;{}&#8221;]<\/p>\n<p><strong>VELOCIDAD DE RESPUESTA<\/strong><\/p>\n<p>[\/et_pb_text][et_pb_text _builder_version=&#8221;4.22.2&#8243; _module_preset=&#8221;default&#8221; global_colors_info=&#8221;{}&#8221;]<\/p>\n<div>\n<p style=\"text-align: center;\"><span lang=\"ES\">Mejores \u00edndices de respuesta en todas las funciones. Gran aumento de repetitividad logrando un ciclo m\u00e1s estable con menos scrap y mayor producci\u00f3n.<\/span><span lang=\"ES\"><o:p><\/o:p><\/span><\/p>\n<\/div>\n<p>[\/et_pb_text][\/et_pb_column][et_pb_column type=&#8221;1_4&#8243; _builder_version=&#8221;4.22.2&#8243; _module_preset=&#8221;default&#8221; background_color=&#8221;#FFFFFF&#8221; custom_padding=&#8221;20px|13px|20px|13px|false|false&#8221; border_radii=&#8221;on|30px|30px|30px|30px&#8221; box_shadow_style=&#8221;preset2&#8243; global_colors_info=&#8221;{}&#8221;][et_pb_icon font_icon=&#8221;&#xf2a2;||fa||900&#8243; icon_color=&#8221;#C5310D&#8221; icon_width=&#8221;41px&#8221; _builder_version=&#8221;4.22.2&#8243; _module_preset=&#8221;default&#8221; global_colors_info=&#8221;{}&#8221;][\/et_pb_icon][et_pb_text _builder_version=&#8221;4.22.2&#8243; _module_preset=&#8221;default&#8221; text_font=&#8221;Antonio||||||||&#8221; text_font_size=&#8221;22px&#8221; header_font=&#8221;Antonio|700|||||||&#8221; header_text_color=&#8221;#E01F45&#8243; text_orientation=&#8221;center&#8221; global_colors_info=&#8221;{}&#8221;]<\/p>\n<p style=\"font-weight: 400;\"><strong>BAJA CONTAMINACI\u00d3N SONORA<\/strong><\/p>\n<p>[\/et_pb_text][et_pb_text _builder_version=&#8221;4.22.2&#8243; _module_preset=&#8221;default&#8221; global_colors_info=&#8221;{}&#8221;]<\/p>\n<p style=\"font-weight: 400; text-align: center;\">Durante el proceso de enfriado el motor no trabaja lo cual genera una gran reducci\u00f3n de ruido mejorando el ambiente de trabajo.<\/p>\n<p>[\/et_pb_text][\/et_pb_column][\/et_pb_row][et_pb_row _builder_version=&#8221;4.22.2&#8243; _module_preset=&#8221;default&#8221; global_colors_info=&#8221;{}&#8221;][et_pb_column type=&#8221;4_4&#8243; _builder_version=&#8221;4.22.2&#8243; _module_preset=&#8221;default&#8221; global_colors_info=&#8221;{}&#8221;][et_pb_button button_url=&#8221;mailto:info@selgus.com.ar&#8221; button_text=&#8221;Solicitar asesoramiento&#8221; button_alignment=&#8221;center&#8221; _builder_version=&#8221;4.22.2&#8243; _module_preset=&#8221;default&#8221; custom_button=&#8221;on&#8221; button_text_color=&#8221;#FFFFFF&#8221; button_bg_color=&#8221;#6B6B6B&#8221; button_border_width=&#8221;0px&#8221; button_border_radius=&#8221;42px&#8221; button_font=&#8221;|700|||||||&#8221; custom_padding=&#8221;|69px||69px|false|false&#8221; custom_padding_tablet=&#8221;|69px||69px|false|false&#8221; custom_padding_phone=&#8221;|69px||69px|false|false&#8221; custom_padding_last_edited=&#8221;on|desktop&#8221; animation_style=&#8221;bounce&#8221; box_shadow_style=&#8221;preset2&#8243; global_colors_info=&#8221;{}&#8221;][\/et_pb_button][\/et_pb_column][\/et_pb_row][\/et_pb_section]<\/p>\n","protected":false},"excerpt":{"rendered":"<p>Somos una empresa que cuenta con m\u00e1s de 20 a\u00f1os de experiencia en el rubro, ya que nuestros inicios se remontan a la inyecci\u00f3n de pl\u00e1sticos de ingenier\u00eda en piezas con gran valor agregado.En el 2008, al no poder encontrar proveedores locales que cumplieran nuestras expectativas, tanto de INYECTORAS como de SERVICIO POST VENTA, decidimos [&hellip;]<\/p>\n","protected":false},"author":1,"featured_media":0,"parent":0,"menu_order":0,"comment_status":"closed","ping_status":"closed","template":"","meta":{"_et_pb_use_builder":"on","_et_pb_old_content":"","_et_gb_content_width":"","_monsterinsights_skip_tracking":false,"_monsterinsights_sitenote_active":false,"_monsterinsights_sitenote_note":"","_monsterinsights_sitenote_category":0,"footnotes":""},"aioseo_notices":[],"_links":{"self":[{"href":"https:\/\/selgus.com.ar\/index.php?rest_route=\/wp\/v2\/pages\/21"}],"collection":[{"href":"https:\/\/selgus.com.ar\/index.php?rest_route=\/wp\/v2\/pages"}],"about":[{"href":"https:\/\/selgus.com.ar\/index.php?rest_route=\/wp\/v2\/types\/page"}],"author":[{"embeddable":true,"href":"https:\/\/selgus.com.ar\/index.php?rest_route=\/wp\/v2\/users\/1"}],"replies":[{"embeddable":true,"href":"https:\/\/selgus.com.ar\/index.php?rest_route=%2Fwp%2Fv2%2Fcomments&post=21"}],"version-history":[{"count":21,"href":"https:\/\/selgus.com.ar\/index.php?rest_route=\/wp\/v2\/pages\/21\/revisions"}],"predecessor-version":[{"id":105,"href":"https:\/\/selgus.com.ar\/index.php?rest_route=\/wp\/v2\/pages\/21\/revisions\/105"}],"wp:attachment":[{"href":"https:\/\/selgus.com.ar\/index.php?rest_route=%2Fwp%2Fv2%2Fmedia&parent=21"}],"curies":[{"name":"wp","href":"https:\/\/api.w.org\/{rel}","templated":true}]}}